{"id":35,"date":"2025-10-06T15:07:44","date_gmt":"2025-10-06T13:07:44","guid":{"rendered":"https:\/\/baztan-race.com\/politica-de-privacidad\/"},"modified":"2026-02-16T16:07:04","modified_gmt":"2026-02-16T15:07:04","slug":"politica-de-privacidad","status":"publish","type":"page","link":"https:\/\/baztan-race.com\/es\/politica-de-privacidad\/","title":{"rendered":"Pol\u00edtica de Privacidad"},"content":{"rendered":"\n<p><strong>AVIRON BAYONNAIS Omnisport<\/strong> se compromete a garantizar que la recogida y el tratamiento de sus datos personales a trav\u00e9s del sitio web <a href=\"https:\/\/baztan-race.com\/es\/\">baztan-race.com<\/a> cumplan con el Reglamento General de Protecci\u00f3n de Datos (RGPD) y con la Ley francesa de Inform\u00e1tica y Libertades.<\/p>\n\n\n\n<p>La presente Pol\u00edtica de Privacidad informa sobre c\u00f3mo <a href=\"https:\/\/baztan-race.com\/es\/\">baztan-race.com<\/a> utiliza y protege la informaci\u00f3n que usted nos proporciona al utilizar este sitio web accesible desde <a href=\"https:\/\/baztan-race.com\/es\/\">baztan-race.com<\/a> (en adelante, \u201cel Sitio\u201d).<\/p>\n\n\n\n<h2 class=\"wp-block-heading\">1. Datos Personales<\/h2>\n\n\n\n<p>Cada formulario o servicio en l\u00ednea limita la recopilaci\u00f3n de datos personales a lo estrictamente necesario (minimizaci\u00f3n de datos) e indica, en particular:<\/p>\n\n\n\n<ul class=\"wp-block-list\">\n<li>Los fines para los que se recogen los datos;<\/li>\n\n\n\n<li>Si los datos son obligatorios u opcionales para la gesti\u00f3n de su solicitud;<\/li>\n\n\n\n<li>Qui\u00e9n podr\u00e1 acceder a ellos (en principio, \u00fanicamente \u201cel cliente\u201d, salvo indicaci\u00f3n contraria cuando sea necesaria la transmisi\u00f3n a un tercero para la gesti\u00f3n de la solicitud);<\/li>\n\n\n\n<li>Sus derechos de protecci\u00f3n de datos y la manera de ejercerlos ante la CNIL.<\/li>\n<\/ul>\n\n\n\n<p>Los datos personales recogidos en el marco de los servicios ofrecidos en <a href=\"https:\/\/baztan-race.com\/es\/\">https:\/\/baztan-race.com<\/a> se tratan de forma segura y permiten al \u201ccliente\u201d gestionar las solicitudes recibidas en sus sistemas inform\u00e1ticos.<\/p>\n\n\n\n<p>Para cualquier informaci\u00f3n o para ejercer sus derechos relativos a la protecci\u00f3n de datos gestionados por <a href=\"https:\/\/baztan-race.com\/es\/\">baztan-race.com<\/a>, puede ponerse en contacto con su Delegado de Protecci\u00f3n de Datos (DPO) o responsable de datos personales mediante el formulario disponible en <a href=\"https:\/\/baztan-race.com\/es\/\">https:\/\/baztan-race.com<\/a><\/p>\n\n\n\n<p>o por correo firmado, acompa\u00f1ado de una copia de un documento de identidad, a la siguiente direcci\u00f3n:<\/p>\n\n\n\n<p><strong>AVIRON BAYONNAIS Omnisport<\/strong><br>1 rue Harry Owen Ro\u00eb<br>64100 BAYONA<br>FRANCIA<strong><br><\/strong><\/p>\n\n\n\n<h2 class=\"wp-block-heading\">2. Plazo de Conservaci\u00f3n<\/h2>\n\n\n\n<p>El per\u00edodo de conservaci\u00f3n administrativa (DUA) se aplica a los principales procedimientos gestionados por <strong>AVIRON BAYONNAIS Omnisport<\/strong>.<\/p>\n\n\n\n<p>La DUA incluye tanto el per\u00edodo de almacenamiento activo como el de archivo interno.<\/p>\n\n\n\n<h2 class=\"wp-block-heading\">3. Procedimiento y Duraci\u00f3n<\/h2>\n\n\n\n<p>Duraci\u00f3n de conservaci\u00f3n de la informaci\u00f3n recogida en el marco de los siguientes procedimientos:<\/p>\n\n\n\n<p>Env\u00edo de un mensaje a trav\u00e9s del formulario de contacto: 3 a\u00f1os<\/p>\n\n\n\n<p>Suscripci\u00f3n al bolet\u00edn informativo: Mientras el usuario no solicite su eliminaci\u00f3n<\/p>\n\n\n\n<h2 class=\"wp-block-heading\">4. Plazo de Respuesta<\/h2>\n\n\n\n<p><strong>AVIRON BAYONNAIS Omnisport<\/strong> se compromete a responder a su solicitud de acceso, rectificaci\u00f3n u oposici\u00f3n, o a cualquier otra solicitud adicional de informaci\u00f3n, en un plazo razonable que no superar\u00e1 un mes desde la recepci\u00f3n de su solicitud.<\/p>\n\n\n\n<h2 class=\"wp-block-heading\">5. Reclamaciones ante la Autoridad Competente<\/h2>\n\n\n\n<p>Si considera que <strong>AVIRON BAYONNAIS Omnisport<\/strong> no cumple con sus obligaciones en relaci\u00f3n con sus datos personales, puede presentar una reclamaci\u00f3n o solicitud ante la autoridad competente. En Francia, la autoridad competente es la CNIL, a la cual puede dirigirse electr\u00f3nicamente mediante el siguiente enlace: <a href=\"https:\/\/www.cnil.fr\/fr\/plaintes\/internet\">https:\/\/www.cnil.fr\/fr\/plaintes\/internet<\/a><\/p>\n","protected":false},"excerpt":{"rendered":"<p>AVIRON BAYONNAIS Omnisport se compromete a garantizar que la recogida y el tratamiento de sus datos personales a trav\u00e9s del sitio web baztan-race.com cumplan con el Reglamento General de Protecci\u00f3n de Datos (RGPD) y con la Ley francesa de Inform\u00e1tica y Libert&#8230;<\/p>\n","protected":false},"author":1,"featured_media":0,"parent":0,"menu_order":0,"comment_status":"closed","ping_status":"open","template":"templates\/legals.php","meta":{"_acf_changed":false,"footnotes":""},"class_list":["post-35","page","type-page","status-publish","hentry"],"acf":[],"yoast_head":"<!-- This site is optimized with the Yoast SEO plugin v27.3 - https:\/\/yoast.com\/product\/yoast-seo-wordpress\/ -->\n<title>Baztan - Pol\u00edtica de Privacidad<\/title>\n<meta name=\"robots\" content=\"index, follow, max-snippet:-1, max-image-preview:large, max-video-preview:-1\" \/>\n<link rel=\"canonical\" href=\"https:\/\/baztan-race.com\/es\/politica-de-privacidad\/\" \/>\n<meta property=\"og:locale\" content=\"es_ES\" \/>\n<meta property=\"og:type\" content=\"article\" \/>\n<meta property=\"og:title\" content=\"Baztan - Pol\u00edtica de Privacidad\" \/>\n<meta property=\"og:description\" content=\"AVIRON BAYONNAIS Omnisport se compromete a garantizar que la recogida y el tratamiento de sus datos personales a trav\u00e9s del sitio web baztan-race.com cumplan con el Reglamento General de Protecci\u00f3n de Datos (RGPD) y con la Ley francesa de Inform\u00e1tica y Libert...\" \/>\n<meta property=\"og:url\" content=\"https:\/\/baztan-race.com\/es\/politica-de-privacidad\/\" \/>\n<meta property=\"og:site_name\" content=\"Baztan\" \/>\n<meta property=\"article:publisher\" content=\"https:\/\/www.facebook.com\/baztanrace\/\" \/>\n<meta property=\"article:modified_time\" content=\"2026-02-16T15:07:04+00:00\" \/>\n<meta name=\"twitter:card\" content=\"summary_large_image\" \/>\n<meta name=\"twitter:label1\" content=\"Tiempo de lectura\" \/>\n\t<meta name=\"twitter:data1\" content=\"3 minutos\" \/>\n<script type=\"application\/ld+json\" class=\"yoast-schema-graph\">{\"@context\":\"https:\\\/\\\/schema.org\",\"@graph\":[{\"@type\":\"WebPage\",\"@id\":\"https:\\\/\\\/baztan-race.com\\\/es\\\/politica-de-privacidad\\\/\",\"url\":\"https:\\\/\\\/baztan-race.com\\\/es\\\/politica-de-privacidad\\\/\",\"name\":\"Baztan - Pol\u00edtica de Privacidad\",\"isPartOf\":{\"@id\":\"https:\\\/\\\/baztan-race.com\\\/es\\\/#website\"},\"datePublished\":\"2025-10-06T13:07:44+00:00\",\"dateModified\":\"2026-02-16T15:07:04+00:00\",\"breadcrumb\":{\"@id\":\"https:\\\/\\\/baztan-race.com\\\/es\\\/politica-de-privacidad\\\/#breadcrumb\"},\"inLanguage\":\"es\",\"potentialAction\":[{\"@type\":\"ReadAction\",\"target\":[\"https:\\\/\\\/baztan-race.com\\\/es\\\/politica-de-privacidad\\\/\"]}]},{\"@type\":\"BreadcrumbList\",\"@id\":\"https:\\\/\\\/baztan-race.com\\\/es\\\/politica-de-privacidad\\\/#breadcrumb\",\"itemListElement\":[{\"@type\":\"ListItem\",\"position\":1,\"name\":\"Accueil\",\"item\":\"https:\\\/\\\/baztan-race.com\\\/es\\\/\"},{\"@type\":\"ListItem\",\"position\":2,\"name\":\"Pol\u00edtica de Privacidad\"}]},{\"@type\":\"WebSite\",\"@id\":\"https:\\\/\\\/baztan-race.com\\\/es\\\/#website\",\"url\":\"https:\\\/\\\/baztan-race.com\\\/es\\\/\",\"name\":\"Baztan\",\"description\":\"Sur les traces du Basajun\",\"publisher\":{\"@id\":\"https:\\\/\\\/baztan-race.com\\\/es\\\/#organization\"},\"potentialAction\":[{\"@type\":\"SearchAction\",\"target\":{\"@type\":\"EntryPoint\",\"urlTemplate\":\"https:\\\/\\\/baztan-race.com\\\/es\\\/?s={search_term_string}\"},\"query-input\":{\"@type\":\"PropertyValueSpecification\",\"valueRequired\":true,\"valueName\":\"search_term_string\"}}],\"inLanguage\":\"es\"},{\"@type\":\"Organization\",\"@id\":\"https:\\\/\\\/baztan-race.com\\\/es\\\/#organization\",\"name\":\"Baztan - Sur les traces du BASAJUN - 2026\",\"alternateName\":\"Sur les traces du BASAJUN - 2026\",\"url\":\"https:\\\/\\\/baztan-race.com\\\/es\\\/\",\"logo\":{\"@type\":\"ImageObject\",\"inLanguage\":\"es\",\"@id\":\"https:\\\/\\\/baztan-race.com\\\/es\\\/#\\\/schema\\\/logo\\\/image\\\/\",\"url\":\"https:\\\/\\\/baztan-race.com\\\/wp-content\\\/uploads\\\/2025\\\/10\\\/hero-road-biking.webp\",\"contentUrl\":\"https:\\\/\\\/baztan-race.com\\\/wp-content\\\/uploads\\\/2025\\\/10\\\/hero-road-biking.webp\",\"width\":1920,\"height\":1194,\"caption\":\"Baztan - Sur les traces du BASAJUN - 2026\"},\"image\":{\"@id\":\"https:\\\/\\\/baztan-race.com\\\/es\\\/#\\\/schema\\\/logo\\\/image\\\/\"},\"sameAs\":[\"https:\\\/\\\/www.facebook.com\\\/baztanrace\\\/\",\"https:\\\/\\\/www.strava.com\\\/clubs\\\/baztanrace\",\"https:\\\/\\\/www.instagram.com\\\/baztan_race\\\/\"]}]}<\/script>\n<!-- \/ Yoast SEO plugin. -->","yoast_head_json":{"title":"Baztan - Pol\u00edtica de Privacidad","robots":{"index":"index","follow":"follow","max-snippet":"max-snippet:-1","max-image-preview":"max-image-preview:large","max-video-preview":"max-video-preview:-1"},"canonical":"https:\/\/baztan-race.com\/es\/politica-de-privacidad\/","og_locale":"es_ES","og_type":"article","og_title":"Baztan - Pol\u00edtica de Privacidad","og_description":"AVIRON BAYONNAIS Omnisport se compromete a garantizar que la recogida y el tratamiento de sus datos personales a trav\u00e9s del sitio web baztan-race.com cumplan con el Reglamento General de Protecci\u00f3n de Datos (RGPD) y con la Ley francesa de Inform\u00e1tica y Libert...","og_url":"https:\/\/baztan-race.com\/es\/politica-de-privacidad\/","og_site_name":"Baztan","article_publisher":"https:\/\/www.facebook.com\/baztanrace\/","article_modified_time":"2026-02-16T15:07:04+00:00","twitter_card":"summary_large_image","twitter_misc":{"Tiempo de lectura":"3 minutos"},"schema":{"@context":"https:\/\/schema.org","@graph":[{"@type":"WebPage","@id":"https:\/\/baztan-race.com\/es\/politica-de-privacidad\/","url":"https:\/\/baztan-race.com\/es\/politica-de-privacidad\/","name":"Baztan - Pol\u00edtica de Privacidad","isPartOf":{"@id":"https:\/\/baztan-race.com\/es\/#website"},"datePublished":"2025-10-06T13:07:44+00:00","dateModified":"2026-02-16T15:07:04+00:00","breadcrumb":{"@id":"https:\/\/baztan-race.com\/es\/politica-de-privacidad\/#breadcrumb"},"inLanguage":"es","potentialAction":[{"@type":"ReadAction","target":["https:\/\/baztan-race.com\/es\/politica-de-privacidad\/"]}]},{"@type":"BreadcrumbList","@id":"https:\/\/baztan-race.com\/es\/politica-de-privacidad\/#breadcrumb","itemListElement":[{"@type":"ListItem","position":1,"name":"Accueil","item":"https:\/\/baztan-race.com\/es\/"},{"@type":"ListItem","position":2,"name":"Pol\u00edtica de Privacidad"}]},{"@type":"WebSite","@id":"https:\/\/baztan-race.com\/es\/#website","url":"https:\/\/baztan-race.com\/es\/","name":"Baztan","description":"Sur les traces du Basajun","publisher":{"@id":"https:\/\/baztan-race.com\/es\/#organization"},"potentialAction":[{"@type":"SearchAction","target":{"@type":"EntryPoint","urlTemplate":"https:\/\/baztan-race.com\/es\/?s={search_term_string}"},"query-input":{"@type":"PropertyValueSpecification","valueRequired":true,"valueName":"search_term_string"}}],"inLanguage":"es"},{"@type":"Organization","@id":"https:\/\/baztan-race.com\/es\/#organization","name":"Baztan - Sur les traces du BASAJUN - 2026","alternateName":"Sur les traces du BASAJUN - 2026","url":"https:\/\/baztan-race.com\/es\/","logo":{"@type":"ImageObject","inLanguage":"es","@id":"https:\/\/baztan-race.com\/es\/#\/schema\/logo\/image\/","url":"https:\/\/baztan-race.com\/wp-content\/uploads\/2025\/10\/hero-road-biking.webp","contentUrl":"https:\/\/baztan-race.com\/wp-content\/uploads\/2025\/10\/hero-road-biking.webp","width":1920,"height":1194,"caption":"Baztan - Sur les traces du BASAJUN - 2026"},"image":{"@id":"https:\/\/baztan-race.com\/es\/#\/schema\/logo\/image\/"},"sameAs":["https:\/\/www.facebook.com\/baztanrace\/","https:\/\/www.strava.com\/clubs\/baztanrace","https:\/\/www.instagram.com\/baztan_race\/"]}]}},"_links":{"self":[{"href":"https:\/\/baztan-race.com\/es\/wp-json\/wp\/v2\/pages\/35","targetHints":{"allow":["GET"]}}],"collection":[{"href":"https:\/\/baztan-race.com\/es\/wp-json\/wp\/v2\/pages"}],"about":[{"href":"https:\/\/baztan-race.com\/es\/wp-json\/wp\/v2\/types\/page"}],"author":[{"embeddable":true,"href":"https:\/\/baztan-race.com\/es\/wp-json\/wp\/v2\/users\/1"}],"replies":[{"embeddable":true,"href":"https:\/\/baztan-race.com\/es\/wp-json\/wp\/v2\/comments?post=35"}],"version-history":[{"count":2,"href":"https:\/\/baztan-race.com\/es\/wp-json\/wp\/v2\/pages\/35\/revisions"}],"predecessor-version":[{"id":1633,"href":"https:\/\/baztan-race.com\/es\/wp-json\/wp\/v2\/pages\/35\/revisions\/1633"}],"wp:attachment":[{"href":"https:\/\/baztan-race.com\/es\/wp-json\/wp\/v2\/media?parent=35"}],"curies":[{"name":"wp","href":"https:\/\/api.w.org\/{rel}","templated":true}]}}