{"id":42,"date":"2025-10-16T15:51:03","date_gmt":"2025-10-16T13:51:03","guid":{"rendered":"https:\/\/baztan-race.com\/aviso-legal\/"},"modified":"2025-12-03T16:30:31","modified_gmt":"2025-12-03T15:30:31","slug":"aviso-legal","status":"publish","type":"page","link":"https:\/\/baztan-race.com\/es\/aviso-legal\/","title":{"rendered":"Aviso legal"},"content":{"rendered":"\n<h2 class=\"wp-block-heading\">1. Presentaci\u00f3n del sitio web<\/h2>\n\n<p>De conformidad con el art\u00edculo 6 de la Ley francesa n.\u00ba 2004-575 de 21 de junio de 2004 sobre la confianza en la econom\u00eda digital, se informa a los usuarios del sitio web <a href=\"https:\/\/baztan-race.com\/es\/\">baztan.fr<\/a> sobre la identidad de las distintas partes implicadas en su creaci\u00f3n y mantenimiento:<br\/><\/p>\n\n<p><strong>Propietario \/ Director de Publicaci\u00f3n<\/strong><br\/><br\/><strong>Laurent Irazusta<\/strong><br\/><strong>Presidente de AVIRON BAYONNAIS Omnisport<\/strong><br\/>1 rue Harry Owen Ro\u00eb<br\/>64100 BAYONNE \u2013 Francia<br\/><br\/><br\/>Asociaci\u00f3n sin \u00e1nimo de lucro bajo la legislaci\u00f3n francesa \u201cLoi 1901\u201d<br\/>SIRET: 78412409100025<br\/>N.\u00ba de IVA intracomunitario: FR65784124091<br\/><br\/><br\/><strong>Dise\u00f1o \u2013 Desarrollo del sitio web \u2013 Ilustraciones<\/strong><\/p>\n\n<p>MAK2COM \u2013 Agencia de comunicaci\u00f3n<br\/>4 rue Louis Colas \u2013 64600 ANGLET \u2013 FRANCIA<br\/>Tel.: +33 (0)5 59 03 60 57<br\/>https:\/\/www.mak2com.fr : 05 59 03 60 57<br\/><a href=\"https:\/\/www.mak2com.fr\">https:\/\/www.mak2com.fr<br\/><\/a><\/p>\n\n<p><strong>Alojamiento del sitio:<\/strong><\/p>\n\n<p>OVH SAS<br\/>2 rue Kellermann \u2013 59100 ROUBAIX \u2013 FRANCIA<br\/>Tel.: +33 (0)9 72 10 10 07<br\/><a href=\"https:\/\/www.ovh.com\/fr\/\">https:\/\/www.ovh.com<\/a><\/p>\n\n<p><strong>Cr\u00e9ditos fotogr\u00e1ficos:<\/strong><\/p>\n\n<p>AVIRON BAYONNAIS Omnisport &amp; Agencia MAK2COM<\/p>\n\n<h2 class=\"wp-block-heading\">2. Condiciones generales de uso<\/h2>\n\n<p>El uso del sitio <a href=\"https:\/\/baztan-race.com\/es\/\">baztan.fr<\/a> implica la plena aceptaci\u00f3n de las condiciones generales de uso que se describen a continuaci\u00f3n. Estas condiciones pueden modificarse o actualizarse en cualquier momento, por lo que se invita a los usuarios del sitio <a href=\"https:\/\/baztan-race.com\/es\/\">baztan.fr<\/a> a consultarlas con regularidad.<\/p>\n\n<p>Todos los textos e im\u00e1genes disponibles en <a href=\"https:\/\/baztan-race.com\/es\/\">baztan.fr<\/a> est\u00e1n protegidos por las leyes francesas de propiedad intelectual. Queda estrictamente prohibida cualquier reproducci\u00f3n, incluso parcial, por cualquier medio, sin la autorizaci\u00f3n previa y por escrito de AVIRON BAYONNAIS Omnisport.<\/p>\n\n<p>La impresi\u00f3n para uso privado o documental est\u00e1 permitida. La informaci\u00f3n y las im\u00e1genes publicadas en el sitio se consideran exactas en la fecha de la \u00faltima actualizaci\u00f3n, aunque pueden contener errores tipogr\u00e1ficos u omisiones.<\/p>\n\n<p>El servicio de atenci\u00f3n al cliente de <a href=\"https:\/\/baztan-race.com\/es\/\">baztan.fr<\/a> utiliza sistemas inform\u00e1ticos destinados a gestionar de forma m\u00e1s eficaz las solicitudes de contacto de los usuarios. Los datos recogidos se utilizan exclusivamente con este fin y s\u00f3lo son accesibles al personal autorizado implicado en su tratamiento.<br\/>De conformidad con los art\u00edculos 39 y siguientes de la Ley francesa n.\u00ba 78-17 de 6 de enero de 1978 sobre inform\u00e1tica, archivos y libertades, cualquier persona puede acceder, rectificar o suprimir los datos personales que le conciernan dirigi\u00e9ndose a AVIRON BAYONNAIS Omnisport.<\/p>\n\n<p><\/p>\n","protected":false},"excerpt":{"rendered":"<p>1. Presentaci\u00f3n del sitio web De conformidad con el art\u00edculo 6 de la Ley francesa n.\u00ba 2004-575 de 21 de junio de 2004 sobre la confianza en la econom\u00eda digital, se informa a los usuarios del sitio web baztan.fr sobre la identidad de las distintas partes impli&#8230;<\/p>\n","protected":false},"author":1,"featured_media":0,"parent":0,"menu_order":0,"comment_status":"closed","ping_status":"closed","template":"templates\/legals.php","meta":{"_acf_changed":false,"footnotes":""},"class_list":["post-42","page","type-page","status-publish","hentry"],"acf":[],"yoast_head":"<!-- This site is optimized with the Yoast SEO plugin v27.3 - https:\/\/yoast.com\/product\/yoast-seo-wordpress\/ -->\n<title>Baztan - Aviso legal<\/title>\n<meta name=\"robots\" content=\"index, follow, max-snippet:-1, max-image-preview:large, max-video-preview:-1\" \/>\n<link rel=\"canonical\" href=\"https:\/\/baztan-race.com\/es\/aviso-legal\/\" \/>\n<meta property=\"og:locale\" content=\"es_ES\" \/>\n<meta property=\"og:type\" content=\"article\" \/>\n<meta property=\"og:title\" content=\"Baztan - Aviso legal\" \/>\n<meta property=\"og:description\" content=\"1. Presentaci\u00f3n del sitio web De conformidad con el art\u00edculo 6 de la Ley francesa n.\u00ba 2004-575 de 21 de junio de 2004 sobre la confianza en la econom\u00eda digital, se informa a los usuarios del sitio web baztan.fr sobre la identidad de las distintas partes impli...\" \/>\n<meta property=\"og:url\" content=\"https:\/\/baztan-race.com\/es\/aviso-legal\/\" \/>\n<meta property=\"og:site_name\" content=\"Baztan\" \/>\n<meta property=\"article:publisher\" content=\"https:\/\/www.facebook.com\/baztanrace\/\" \/>\n<meta property=\"article:modified_time\" content=\"2025-12-03T15:30:31+00:00\" \/>\n<meta name=\"twitter:card\" content=\"summary_large_image\" \/>\n<meta name=\"twitter:label1\" content=\"Tiempo de lectura\" \/>\n\t<meta name=\"twitter:data1\" content=\"2 minutos\" \/>\n<script type=\"application\/ld+json\" class=\"yoast-schema-graph\">{\"@context\":\"https:\\\/\\\/schema.org\",\"@graph\":[{\"@type\":\"WebPage\",\"@id\":\"https:\\\/\\\/baztan-race.com\\\/es\\\/aviso-legal\\\/\",\"url\":\"https:\\\/\\\/baztan-race.com\\\/es\\\/aviso-legal\\\/\",\"name\":\"Baztan - Aviso legal\",\"isPartOf\":{\"@id\":\"https:\\\/\\\/baztan-race.com\\\/es\\\/#website\"},\"datePublished\":\"2025-10-16T13:51:03+00:00\",\"dateModified\":\"2025-12-03T15:30:31+00:00\",\"breadcrumb\":{\"@id\":\"https:\\\/\\\/baztan-race.com\\\/es\\\/aviso-legal\\\/#breadcrumb\"},\"inLanguage\":\"es\",\"potentialAction\":[{\"@type\":\"ReadAction\",\"target\":[\"https:\\\/\\\/baztan-race.com\\\/es\\\/aviso-legal\\\/\"]}]},{\"@type\":\"BreadcrumbList\",\"@id\":\"https:\\\/\\\/baztan-race.com\\\/es\\\/aviso-legal\\\/#breadcrumb\",\"itemListElement\":[{\"@type\":\"ListItem\",\"position\":1,\"name\":\"Accueil\",\"item\":\"https:\\\/\\\/baztan-race.com\\\/es\\\/\"},{\"@type\":\"ListItem\",\"position\":2,\"name\":\"Aviso legal\"}]},{\"@type\":\"WebSite\",\"@id\":\"https:\\\/\\\/baztan-race.com\\\/es\\\/#website\",\"url\":\"https:\\\/\\\/baztan-race.com\\\/es\\\/\",\"name\":\"Baztan\",\"description\":\"Sur les traces du Basajun\",\"publisher\":{\"@id\":\"https:\\\/\\\/baztan-race.com\\\/es\\\/#organization\"},\"potentialAction\":[{\"@type\":\"SearchAction\",\"target\":{\"@type\":\"EntryPoint\",\"urlTemplate\":\"https:\\\/\\\/baztan-race.com\\\/es\\\/?s={search_term_string}\"},\"query-input\":{\"@type\":\"PropertyValueSpecification\",\"valueRequired\":true,\"valueName\":\"search_term_string\"}}],\"inLanguage\":\"es\"},{\"@type\":\"Organization\",\"@id\":\"https:\\\/\\\/baztan-race.com\\\/es\\\/#organization\",\"name\":\"Baztan - Sur les traces du BASAJUN - 2026\",\"alternateName\":\"Sur les traces du BASAJUN - 2026\",\"url\":\"https:\\\/\\\/baztan-race.com\\\/es\\\/\",\"logo\":{\"@type\":\"ImageObject\",\"inLanguage\":\"es\",\"@id\":\"https:\\\/\\\/baztan-race.com\\\/es\\\/#\\\/schema\\\/logo\\\/image\\\/\",\"url\":\"https:\\\/\\\/baztan-race.com\\\/wp-content\\\/uploads\\\/2025\\\/10\\\/hero-road-biking.webp\",\"contentUrl\":\"https:\\\/\\\/baztan-race.com\\\/wp-content\\\/uploads\\\/2025\\\/10\\\/hero-road-biking.webp\",\"width\":1920,\"height\":1194,\"caption\":\"Baztan - Sur les traces du BASAJUN - 2026\"},\"image\":{\"@id\":\"https:\\\/\\\/baztan-race.com\\\/es\\\/#\\\/schema\\\/logo\\\/image\\\/\"},\"sameAs\":[\"https:\\\/\\\/www.facebook.com\\\/baztanrace\\\/\",\"https:\\\/\\\/www.strava.com\\\/clubs\\\/baztanrace\",\"https:\\\/\\\/www.instagram.com\\\/baztan_race\\\/\"]}]}<\/script>\n<!-- \/ Yoast SEO plugin. -->","yoast_head_json":{"title":"Baztan - Aviso legal","robots":{"index":"index","follow":"follow","max-snippet":"max-snippet:-1","max-image-preview":"max-image-preview:large","max-video-preview":"max-video-preview:-1"},"canonical":"https:\/\/baztan-race.com\/es\/aviso-legal\/","og_locale":"es_ES","og_type":"article","og_title":"Baztan - Aviso legal","og_description":"1. Presentaci\u00f3n del sitio web De conformidad con el art\u00edculo 6 de la Ley francesa n.\u00ba 2004-575 de 21 de junio de 2004 sobre la confianza en la econom\u00eda digital, se informa a los usuarios del sitio web baztan.fr sobre la identidad de las distintas partes impli...","og_url":"https:\/\/baztan-race.com\/es\/aviso-legal\/","og_site_name":"Baztan","article_publisher":"https:\/\/www.facebook.com\/baztanrace\/","article_modified_time":"2025-12-03T15:30:31+00:00","twitter_card":"summary_large_image","twitter_misc":{"Tiempo de lectura":"2 minutos"},"schema":{"@context":"https:\/\/schema.org","@graph":[{"@type":"WebPage","@id":"https:\/\/baztan-race.com\/es\/aviso-legal\/","url":"https:\/\/baztan-race.com\/es\/aviso-legal\/","name":"Baztan - Aviso legal","isPartOf":{"@id":"https:\/\/baztan-race.com\/es\/#website"},"datePublished":"2025-10-16T13:51:03+00:00","dateModified":"2025-12-03T15:30:31+00:00","breadcrumb":{"@id":"https:\/\/baztan-race.com\/es\/aviso-legal\/#breadcrumb"},"inLanguage":"es","potentialAction":[{"@type":"ReadAction","target":["https:\/\/baztan-race.com\/es\/aviso-legal\/"]}]},{"@type":"BreadcrumbList","@id":"https:\/\/baztan-race.com\/es\/aviso-legal\/#breadcrumb","itemListElement":[{"@type":"ListItem","position":1,"name":"Accueil","item":"https:\/\/baztan-race.com\/es\/"},{"@type":"ListItem","position":2,"name":"Aviso legal"}]},{"@type":"WebSite","@id":"https:\/\/baztan-race.com\/es\/#website","url":"https:\/\/baztan-race.com\/es\/","name":"Baztan","description":"Sur les traces du Basajun","publisher":{"@id":"https:\/\/baztan-race.com\/es\/#organization"},"potentialAction":[{"@type":"SearchAction","target":{"@type":"EntryPoint","urlTemplate":"https:\/\/baztan-race.com\/es\/?s={search_term_string}"},"query-input":{"@type":"PropertyValueSpecification","valueRequired":true,"valueName":"search_term_string"}}],"inLanguage":"es"},{"@type":"Organization","@id":"https:\/\/baztan-race.com\/es\/#organization","name":"Baztan - Sur les traces du BASAJUN - 2026","alternateName":"Sur les traces du BASAJUN - 2026","url":"https:\/\/baztan-race.com\/es\/","logo":{"@type":"ImageObject","inLanguage":"es","@id":"https:\/\/baztan-race.com\/es\/#\/schema\/logo\/image\/","url":"https:\/\/baztan-race.com\/wp-content\/uploads\/2025\/10\/hero-road-biking.webp","contentUrl":"https:\/\/baztan-race.com\/wp-content\/uploads\/2025\/10\/hero-road-biking.webp","width":1920,"height":1194,"caption":"Baztan - Sur les traces du BASAJUN - 2026"},"image":{"@id":"https:\/\/baztan-race.com\/es\/#\/schema\/logo\/image\/"},"sameAs":["https:\/\/www.facebook.com\/baztanrace\/","https:\/\/www.strava.com\/clubs\/baztanrace","https:\/\/www.instagram.com\/baztan_race\/"]}]}},"_links":{"self":[{"href":"https:\/\/baztan-race.com\/es\/wp-json\/wp\/v2\/pages\/42","targetHints":{"allow":["GET"]}}],"collection":[{"href":"https:\/\/baztan-race.com\/es\/wp-json\/wp\/v2\/pages"}],"about":[{"href":"https:\/\/baztan-race.com\/es\/wp-json\/wp\/v2\/types\/page"}],"author":[{"embeddable":true,"href":"https:\/\/baztan-race.com\/es\/wp-json\/wp\/v2\/users\/1"}],"replies":[{"embeddable":true,"href":"https:\/\/baztan-race.com\/es\/wp-json\/wp\/v2\/comments?post=42"}],"version-history":[{"count":5,"href":"https:\/\/baztan-race.com\/es\/wp-json\/wp\/v2\/pages\/42\/revisions"}],"predecessor-version":[{"id":1125,"href":"https:\/\/baztan-race.com\/es\/wp-json\/wp\/v2\/pages\/42\/revisions\/1125"}],"wp:attachment":[{"href":"https:\/\/baztan-race.com\/es\/wp-json\/wp\/v2\/media?parent=42"}],"curies":[{"name":"wp","href":"https:\/\/api.w.org\/{rel}","templated":true}]}}